{"id":4227,"date":"2021-09-28T11:01:56","date_gmt":"2021-09-28T09:01:56","guid":{"rendered":"http:\/\/fabag.at\/?page_id=4227"},"modified":"2021-10-18T16:53:28","modified_gmt":"2021-10-18T14:53:28","slug":"fabag-ueber-uns","status":"publish","type":"page","link":"https:\/\/fabag.at\/?page_id=4227","title":{"rendered":"Fabag \u00dcber uns"},"content":{"rendered":"<p>[vc_row][vc_column width=&#8220;1\/6&#8243;][\/vc_column][vc_column width=&#8220;2\/3&#8243;][vc_empty_space][vc_empty_space][vc_empty_space height=&#8220;&#8220; css=&#8220;.vc_custom_1493896010254{margin-top: -6px !important;}&#8220;]\n<div class=\"edgtf-section-title edgtf-section-align-center\">\n    <div class=\"edgtf-st-inner\">\n        <div class=\"edgtf-st-title-holder\">\n            <h2 class=\"edgtf-st-title\" style=\"color: #77dbba\">\n                <span>FaBAG<\/span>\n            <\/h2>\n        <\/div>\n    <\/div>\n\n    <div class=\"edgtf-st-subtitle-holder\">\n        <h5 class=\"edgtf-st-subtitle\" style=\"color: #77dbba\">\n            <span>The Fabulous Bag<\/span>\n        <\/h5>\n    <\/div>\n\n    <div class=\"edgtf-st-separator-outer\">\n        <div class=\"edgtf-separator-holder clearfix  edgtf-separator-center\">\n\t<div class=\"edgtf-separator\" style=\"border-color: #34dddd;border-bottom-width: 2px;margin-top: 22px;margin-bottom: 21px\"><\/div>\n<\/div>\n    <\/div>\n\n    <div class=\"edgtf-st-text-holder\">\n        <span class=\"edgtf-st-text-text\"><\/p>\n<h3 style=\"text-align: center;\"><span style=\"color: #77dbba;\">Die FaBAG DNA liegt in \u00d6sterreich<\/span> &#8211; <strong>unter nachhaltigen Aspekten folgen wir einer Markenphilosophie, welche auf langj\u00e4hrigem Know-How im Bereich der Taschenerzeugung basiert. <\/strong><strong><span style=\"color: #34dddd;\"><b><strong>FaBAG &#8211; The Fabulous Bag steht f\u00fcr eine ideale Kombination aus Qualit\u00e4t, Design und erschwinglichen Preisen.<\/strong><\/b><\/span><\/strong><\/h3>\n<h3><\/h3>\n<h3><\/h3>\n<h3 style=\"text-align: center;\"><strong>FaBAG ist eine Marke von <\/strong><span style=\"color: #77dbba;\">Schneiders Vienna GmbH, dessen Wurzeln bis in das Jahr 1890 zur\u00fcckreichen und sich durch langj\u00e4hrige Erfahrung auszeichnen<\/span><strong>. Seit Mitte des 20. Jahrhunderts, z\u00e4hlt Schneiders Vienna international zu den Marktf\u00fchrern und ist f\u00fcr die Expertise im Bereich der Taschner bekannt. Schneiders Vienna ist ein \u00f6sterreichisches <\/strong><span style=\"color: #34dddd;\">Familienunternehmen in 4. Generation<\/span><strong> und blickt auf mehr als 125 Jahre Firmentradition zur\u00fcck.<\/strong><\/h3>\n<p><\/span>\n    <\/div>\n\n<\/div>[vc_empty_space height=&#8220;&#8220; css=&#8220;.vc_custom_1493896010254{margin-top: -6px !important;}&#8220;][vc_empty_space height=&#8220;&#8220; css=&#8220;.vc_custom_1493896010254{margin-top: -6px !important;}&#8220;][vc_empty_space height=&#8220;&#8220; css=&#8220;.vc_custom_1493896010254{margin-top: -6px !important;}&#8220;][\/vc_column][vc_column width=&#8220;1\/6&#8243;][\/vc_column][\/vc_row][vc_row][vc_column][vc_empty_space][vc_empty_space][vc_empty_space][\/vc_column][\/vc_row][vc_row css=&#8220;.vc_custom_1632819800570{background-color: #34dddd !important;}&#8220;][vc_column][vc_empty_space][\/vc_column][\/vc_row][vc_row css=&#8220;.vc_custom_1632819800570{background-color: #34dddd !important;}&#8220;][vc_column][vc_empty_space][\/vc_column][\/vc_row][vc_row css=&#8220;.vc_custom_1632819713279{background-color: #34dddd !important;}&#8220;][vc_column width=&#8220;1\/6&#8243;][\/vc_column][vc_column width=&#8220;2\/3&#8243;][vc_empty_space][vc_empty_space height=&#8220;&#8220; css=&#8220;.vc_custom_1493896010254{margin-top: -6px !important;}&#8220;]\n<div class=\"edgtf-section-title edgtf-section-align-center\">\n    <div class=\"edgtf-st-inner\">\n        <div class=\"edgtf-st-title-holder\">\n            <h2 class=\"edgtf-st-title\" style=\"color: #000000\">\n                <span>USPs<\/span>\n            <\/h2>\n        <\/div>\n    <\/div>\n\n    <div class=\"edgtf-st-subtitle-holder\">\n        <h5 class=\"edgtf-st-subtitle\" style=\"color: #000000\">\n            <span>FaBag<\/span>\n        <\/h5>\n    <\/div>\n\n    <div class=\"edgtf-st-separator-outer\">\n        <div class=\"edgtf-separator-holder clearfix  edgtf-separator-center\">\n\t<div class=\"edgtf-separator\" style=\"border-color: #000000;border-bottom-width: 2px;margin-top: 22px;margin-bottom: 21px\"><\/div>\n<\/div>\n    <\/div>\n\n    <div class=\"edgtf-st-text-holder\">\n        <span class=\"edgtf-st-text-text\"><\/p>\n<h3>FaBAG arbeitet zusammen mit gro\u00dfen strategischen Partnern &amp; entwickelt je nach Bedarf Produktsortimente die an den Zielmarkt angepasst sind. So k\u00f6nnen die nationalen Besonderheiten optimal ber\u00fccksichtigt werden. In 2 M\u00e4rkten finden sich somit niemals die gleiche Produktserie.<\/h3>\n<p><\/span>\n    <\/div>\n\n<\/div>[vc_empty_space height=&#8220;&#8220; css=&#8220;.vc_custom_1493896010254{margin-top: -6px !important;}&#8220;][vc_empty_space height=&#8220;&#8220; css=&#8220;.vc_custom_1493896010254{margin-top: -6px !important;}&#8220;][vc_empty_space height=&#8220;&#8220; css=&#8220;.vc_custom_1493896010254{margin-top: -6px !important;}&#8220;][vc_empty_space height=&#8220;&#8220; css=&#8220;.vc_custom_1493896010254{margin-top: -6px !important;}&#8220;][\/vc_column][vc_column width=&#8220;1\/6&#8243;][\/vc_column][\/vc_row][vc_row css=&#8220;.vc_custom_1632819800570{background-color: #34dddd !important;}&#8220;][vc_column][vc_empty_space][\/vc_column][\/vc_row][vc_row css=&#8220;.vc_custom_1632819800570{background-color: #34dddd !important;}&#8220;][vc_column][vc_empty_space][vc_empty_space][\/vc_column][\/vc_row][vc_row css=&#8220;.vc_custom_1633070452023{background-color: #ffffff !important;}&#8220;][vc_column width=&#8220;1\/6&#8243;][\/vc_column][vc_column width=&#8220;2\/3&#8243;][vc_empty_space][vc_empty_space][vc_empty_space]\n<div class=\"edgtf-section-title edgtf-section-align-center\">\n    <div class=\"edgtf-st-inner\">\n        <div class=\"edgtf-st-title-holder\">\n            <h2 class=\"edgtf-st-title\" style=\"color: #77dbba\">\n                <span>ABOUT<\/span>\n            <\/h2>\n        <\/div>\n    <\/div>\n\n    <div class=\"edgtf-st-subtitle-holder\">\n        <h5 class=\"edgtf-st-subtitle\" style=\"color: #34dddd\">\n            <span>FaBag<\/span>\n        <\/h5>\n    <\/div>\n\n    <div class=\"edgtf-st-separator-outer\">\n        <div class=\"edgtf-separator-holder clearfix  edgtf-separator-center\">\n\t<div class=\"edgtf-separator\" style=\"border-color: #34dddd;border-bottom-width: 2px;margin-top: 22px;margin-bottom: 21px\"><\/div>\n<\/div>\n    <\/div>\n\n    <div class=\"edgtf-st-text-holder\">\n        <span class=\"edgtf-st-text-text\"><\/p>\n<h2 style=\"text-align: right;\"><span style=\"color: #77dbba;\">\u00d6sterreichische Marke<\/span><\/h2>\n<p>&nbsp;<\/p>\n<h2 style=\"text-align: right;\"><span style=\"color: #34dddd;\">Innovatives<\/span> Design<\/h2>\n<p>&nbsp;<\/p>\n<h2><\/h2>\n<h2 style=\"text-align: right;\"><span style=\"color: #77dbba;\">Ergonomisch<\/span> geformt<\/h2>\n<h2><\/h2>\n<h2><\/h2>\n<p>&nbsp;<\/p>\n<h2 style=\"text-align: right;\"><span style=\"color: #34dddd;\">Individuell einsetzbar<\/span> (Schule, Freizeit, Sport, Business)<\/h2>\n<p>&nbsp;<\/p>\n<h2><\/h2>\n<h2 style=\"text-align: right;\"><span style=\"color: #77dbba;\">Gewinner<\/span> von zahlreichen <span style=\"color: #77dbba;\">Produkttests<\/span><\/h2>\n<h2><\/h2>\n<p>&nbsp;<\/p>\n<h2 style=\"text-align: right;\">Hohe <span style=\"color: #34dddd;\">Funktionalit\u00e4t<\/span><\/h2>\n<h2><\/h2>\n<p>&nbsp;<\/p>\n<h2 style=\"text-align: right;\">Atmungsaktive <span style=\"color: #77dbba;\">R\u00fcckenpolsterung<\/span><\/h2>\n<p>&nbsp;<\/p>\n<h2 style=\"text-align: right;\"><\/h2>\n<p><\/span>\n    <\/div>\n\n<\/div>[vc_empty_space][vc_empty_space][vc_empty_space][\/vc_column][vc_column width=&#8220;1\/6&#8243;][\/vc_column][\/vc_row][vc_row header_style=&#8220;edgtf-dark-header&#8220; content_aligment=&#8220;center&#8220; css=&#8220;.vc_custom_1632816897191{background-color: #77dbba !important;}&#8220;][vc_column width=&#8220;1\/6&#8243;][\/vc_column][vc_column width=&#8220;2\/3&#8243;][vc_empty_space][vc_empty_space][vc_empty_space][vc_empty_space]\n<div class=\"edgtf-section-title edgtf-section-align-center\">\n    <div class=\"edgtf-st-inner\">\n        <div class=\"edgtf-st-title-holder\">\n            <h2 class=\"edgtf-st-title\" style=\"color: #000000\">\n                <span>KONTAKTIEREN SIE UNS!<\/span>\n            <\/h2>\n        <\/div>\n    <\/div>\n\n    <div class=\"edgtf-st-subtitle-holder\">\n        <h5 class=\"edgtf-st-subtitle\" >\n            <span>Immer am laufenden bleiben.<\/span>\n        <\/h5>\n    <\/div>\n\n    <div class=\"edgtf-st-separator-outer\">\n        <div class=\"edgtf-separator-holder clearfix  edgtf-separator-center\">\n\t<div class=\"edgtf-separator\" style=\"border-color: #000000;border-bottom-width: 2px;margin-top: 22px;margin-bottom: 21px\"><\/div>\n<\/div>\n    <\/div>\n\n    <div class=\"edgtf-st-text-holder\">\n        <span class=\"edgtf-st-text-text\"><\/span>\n    <\/div>\n\n<\/div><div role=\"form\" class=\"wpcf7\" id=\"wpcf7-f3987-o1\" lang=\"en-US\" dir=\"ltr\">\n<div class=\"screen-reader-response\"><p role=\"status\" aria-live=\"polite\" aria-atomic=\"true\"><\/p> <ul><\/ul><\/div>\n<form action=\"\/index.php?rest_route=%2Fwp%2Fv2%2Fpages%2F4227#wpcf7-f3987-o1\" method=\"post\" class=\"wpcf7-form init cf7_custom_style_1\" novalidate=\"novalidate\" data-status=\"init\">\n<div style=\"display: none;\">\n<input type=\"hidden\" name=\"_wpcf7\" value=\"3987\" \/>\n<input type=\"hidden\" name=\"_wpcf7_version\" value=\"5.4.2\" \/>\n<input type=\"hidden\" name=\"_wpcf7_locale\" value=\"en_US\" \/>\n<input type=\"hidden\" name=\"_wpcf7_unit_tag\" value=\"wpcf7-f3987-o1\" \/>\n<input type=\"hidden\" name=\"_wpcf7_container_post\" value=\"0\" \/>\n<input type=\"hidden\" name=\"_wpcf7_posted_data_hash\" value=\"\" \/>\n<\/div>\n<div class=\"edgtf-cf7-two-columns clearfix\">\n<div class=\"edgtf-cf7-two-columns-50-50-inner\">\n<div class=\"edgtf-cf7-column\">\n<div class=\"edgtf-cf7-column-inner\">\n   <span class=\"wpcf7-form-control-wrap your-name\"><input type=\"text\" name=\"your-name\" value=\"\" size=\"40\" class=\"wpcf7-form-control wpcf7-text\" aria-invalid=\"false\" placeholder=\"Name\" \/><\/span>\n   <\/div>\n<\/div>\n<div class=\"edgtf-cf7-column\">\n<div class=\"edgtf-cf7-column-inner\">\n        <span class=\"wpcf7-form-control-wrap your-email\"><input type=\"text\" name=\"your-email\" value=\"\" size=\"40\" class=\"wpcf7-form-control wpcf7-text wpcf7-validates-as-required\" aria-required=\"true\" aria-invalid=\"false\" placeholder=\"Email*\" \/><\/span>\n   <\/div>\n<\/div>\n<\/div>\n<\/div>\n<div><span class=\"wpcf7-form-control-wrap subject\"><input type=\"text\" name=\"subject\" value=\"\" size=\"40\" class=\"wpcf7-form-control wpcf7-text wpcf7-validates-as-required\" aria-required=\"true\" aria-invalid=\"false\" placeholder=\"Subject\" \/><\/span><\/div>\n<div><span class=\"wpcf7-form-control-wrap your-message\"><textarea name=\"your-message\" cols=\"40\" rows=\"10\" class=\"wpcf7-form-control wpcf7-textarea wpcf7-validates-as-required\" aria-required=\"true\" aria-invalid=\"false\" placeholder=\"Message\"><\/textarea><\/span><\/div>\n<div><input type=\"submit\" value=\"SEND\" class=\"wpcf7-form-control wpcf7-submit\" \/><\/div>\n<div class=\"wpcf7-response-output\" aria-hidden=\"true\"><\/div><\/form><\/div>[vc_empty_space][vc_empty_space][vc_empty_space][\/vc_column][vc_column width=&#8220;1\/6&#8243;][\/vc_column][\/vc_row][vc_row][vc_column][vc_empty_space][vc_empty_space]\n<div class=\"edgtf-section-title edgtf-section-align-center\">\n    <div class=\"edgtf-st-inner\">\n        <div class=\"edgtf-st-title-holder\">\n            <h2 class=\"edgtf-st-title\" style=\"color: #77dbba\">\n                <span>UNSERE ZERTIFIKATE<\/span>\n            <\/h2>\n        <\/div>\n    <\/div>\n\n    <div class=\"edgtf-st-subtitle-holder\">\n        <h5 class=\"edgtf-st-subtitle\" >\n            <span><\/span>\n        <\/h5>\n    <\/div>\n\n    <div class=\"edgtf-st-separator-outer\">\n        <div class=\"edgtf-separator-holder clearfix  edgtf-separator-center\">\n\t<div class=\"edgtf-separator\" style=\"border-color: #34dddd;border-bottom-width: 2px;margin-top: 22px;margin-bottom: 21px\"><\/div>\n<\/div>\n    <\/div>\n\n    <div class=\"edgtf-st-text-holder\">\n        <span class=\"edgtf-st-text-text\"><\/span>\n    <\/div>\n\n<\/div>[vc_empty_space][vc_empty_space][\/vc_column][\/vc_row][vc_row][vc_column width=&#8220;1\/4&#8243;][vc_single_image image=&#8220;4235&#8243; alignment=&#8220;center&#8220;][\/vc_column][vc_column width=&#8220;1\/4&#8243;][vc_single_image image=&#8220;4236&#8243; alignment=&#8220;center&#8220;][\/vc_column][vc_column width=&#8220;1\/4&#8243;][vc_single_image image=&#8220;4237&#8243; alignment=&#8220;center&#8220;][vc_empty_space][vc_empty_space][\/vc_column][vc_column width=&#8220;1\/4&#8243;][vc_single_image image=&#8220;4234&#8243; alignment=&#8220;center&#8220;][\/vc_column][\/vc_row][vc_row css=&#8220;.vc_custom_1633003085608{background-color: #efefef !important;}&#8220;][vc_column][vc_empty_space][vc_empty_space][vc_empty_space][vc_column_text css=&#8220;.vc_custom_1633005595645{background-color: #efefef !important;}&#8220;]<\/p>\n<h2 style=\"text-align: center;\">FABAG IN EUROPA<\/h2>\n<p>[\/vc_column_text]<div class=\"edgtf-separator-holder clearfix  edgtf-separator-center\">\n\t<div class=\"edgtf-separator\" style=\"border-color: #34dddd\"><\/div>\n<\/div>\n[vc_empty_space][vc_empty_space][\/vc_column][\/vc_row][vc_row css=&#8220;.vc_custom_1633002886634{background-color: #efefef !important;}&#8220;][vc_column][vc_single_image image=&#8220;4362&#8243; img_size=&#8220;full&#8220; alignment=&#8220;center&#8220;][\/vc_column][\/vc_row][vc_row css=&#8220;.vc_custom_1633003269694{background-color: #34dddd !important;}&#8220;][vc_column][vc_empty_space][vc_empty_space]\n<div class=\"edgtf-section-title edgtf-section-align-center\">\n    <div class=\"edgtf-st-inner\">\n        <div class=\"edgtf-st-title-holder\">\n            <h2 class=\"edgtf-st-title\" >\n                <span>KNOW HOW &amp; ST\u00c4RKEN<\/span>\n            <\/h2>\n        <\/div>\n    <\/div>\n\n    <div class=\"edgtf-st-subtitle-holder\">\n        <h5 class=\"edgtf-st-subtitle\" >\n            <span>VON FABAG<\/span>\n        <\/h5>\n    <\/div>\n\n    <div class=\"edgtf-st-separator-outer\">\n        <div class=\"edgtf-separator-holder clearfix  edgtf-separator-center\">\n\t<div class=\"edgtf-separator\" style=\"border-color: #000000;border-bottom-width: 2px;margin-top: 22px;margin-bottom: 21px\"><\/div>\n<\/div>\n    <\/div>\n\n    <div class=\"edgtf-st-text-holder\">\n        <span class=\"edgtf-st-text-text\"><\/p>\n<div class=\"edgtf-section-title edgtf-section-align-center\">\n<div class=\"edgtf-st-inner\"><\/div>\n<div class=\"edgtf-st-text-holder\">\n<p>&nbsp;<\/p>\n<h3>\u00dcBER 120 JAHRE ERFAHRUNG IN DER HERSTELLUNG UND DEM VERTRIEB VON TASCHEN, SCHULTASCHEN UND RUCKS\u00c4CKEN IN H\u00d6CHSTER QUALIT\u00c4T<\/h3>\n<p>&nbsp;<\/p>\n<h3>ERFAHRENE DESIGNABTEILUNG F\u00dcR OEM \/ ODM-DIENSTLEISTUNGEN<\/h3>\n<p>&nbsp;<\/p>\n<h3>EXPERTEN UND PERFEKTE HANDWERKLICHE F\u00c4HIGKEITEN AUF DEM GEBIET DER TASCHEN UND RUCKS\u00c4CKE<\/h3>\n<p>&nbsp;<\/p>\n<h3>GUTE QUALIT\u00c4T &amp; GUTES DESIGN ZU ERSCHWINGLICHEN PREISEN<\/h3>\n<p>&nbsp;<\/p>\n<h3>\u00dcBER 30 JAHRE ERFAHRUNG IM EINKAUF IN ASIEN<\/h3>\n<p>&nbsp;<\/p>\n<h3>KUNDENN\u00c4HE: FLEXIBLE UND SCHNELLE REAKTION AUF KUNDEN<\/h3>\n<p>&nbsp;<\/p>\n<\/div>\n<\/div>\n<p><\/span>\n    <\/div>\n\n<\/div>[vc_empty_space][\/vc_column][\/vc_row][vc_row css=&#8220;.vc_custom_1633002985993{background-color: #ffffff !important;}&#8220;][vc_column][vc_empty_space][vc_empty_space][vc_empty_space]\n<div class=\"edgtf-section-title edgtf-section-align-center\">\n    <div class=\"edgtf-st-inner\">\n        <div class=\"edgtf-st-title-holder\">\n            <h2 class=\"edgtf-st-title\" style=\"color: #77dbba\">\n                <span>UNSERE MARKEN<\/span>\n            <\/h2>\n        <\/div>\n    <\/div>\n\n    <div class=\"edgtf-st-subtitle-holder\">\n        <h5 class=\"edgtf-st-subtitle\" style=\"color: #34dddd\">\n            <span>SCHNEIDERS THE BAG COMPANY<\/span>\n        <\/h5>\n    <\/div>\n\n    <div class=\"edgtf-st-separator-outer\">\n        <div class=\"edgtf-separator-holder clearfix  edgtf-separator-center\">\n\t<div class=\"edgtf-separator\" style=\"border-color: #34dddd;border-bottom-width: 2px;margin-top: 22px;margin-bottom: 21px\"><\/div>\n<\/div>\n    <\/div>\n\n    <div class=\"edgtf-st-text-holder\">\n        <span class=\"edgtf-st-text-text\"><\/span>\n    <\/div>\n\n<\/div>[vc_empty_space][vc_empty_space][\/vc_column][\/vc_row][vc_row content_width=&#8220;grid&#8220; content_aligment=&#8220;center&#8220; css=&#8220;.vc_custom_1633002961161{background-color: #ffffff !important;}&#8220;][vc_column width=&#8220;1\/6&#8243;][vc_single_image image=&#8220;4383&#8243; onclick=&#8220;custom_link&#8220; img_link_target=&#8220;_blank&#8220; link=&#8220;https:\/\/schneiders.company\/&#8220;][\/vc_column][vc_column width=&#8220;1\/6&#8243;][vc_single_image image=&#8220;4189&#8243; onclick=&#8220;custom_link&#8220; img_link_target=&#8220;_blank&#8220; link=&#8220;https:\/\/www.schneiders-bags.com\/&#8220;][\/vc_column][vc_column width=&#8220;1\/6&#8243;][vc_single_image image=&#8220;4186&#8243; onclick=&#8220;custom_link&#8220; img_link_target=&#8220;_blank&#8220; link=&#8220;https:\/\/schneiders-bags.com\/tony-perotti-lederwaren\/&#8220;][vc_empty_space][vc_empty_space][vc_empty_space][\/vc_column][vc_column width=&#8220;1\/6&#8243;][vc_single_image image=&#8220;4187&#8243; onclick=&#8220;custom_link&#8220; img_link_target=&#8220;_blank&#8220; link=&#8220;https:\/\/schneiders-bags.com\/travel\/&#8220;][\/vc_column][vc_column width=&#8220;1\/6&#8243;][vc_single_image image=&#8220;4190&#8243; onclick=&#8220;custom_link&#8220; img_link_target=&#8220;_blank&#8220; link=&#8220;https:\/\/walker-bags.com\/&#8220;][\/vc_column][vc_column width=&#8220;1\/6&#8243;][vc_single_image image=&#8220;4188&#8243; onclick=&#8220;custom_link&#8220; img_link_target=&#8220;_blank&#8220; link=&#8220;https:\/\/schneiders-bags.com\/versacrum\/&#8220;][\/vc_column][\/vc_row][vc_row css=&#8220;.vc_custom_1633002939961{background-color: #efefef !important;}&#8220;][vc_column][vc_empty_space]\n<div class=\"edgtf-section-title edgtf-section-align-center\">\n    <div class=\"edgtf-st-inner\">\n        <div class=\"edgtf-st-title-holder\">\n            <h2 class=\"edgtf-st-title\" style=\"color: #77dbba\">\n                <span>Kontakt Details<\/span>\n            <\/h2>\n        <\/div>\n    <\/div>\n\n    <div class=\"edgtf-st-subtitle-holder\">\n        <h5 class=\"edgtf-st-subtitle\" style=\"color: #77dbba\">\n            <span>Hier finden Sie uns.<\/span>\n        <\/h5>\n    <\/div>\n\n    <div class=\"edgtf-st-separator-outer\">\n        <div class=\"edgtf-separator-holder clearfix  edgtf-separator-center\">\n\t<div class=\"edgtf-separator\" style=\"border-color: #34dddd;border-bottom-width: 2px;margin-top: 22px;margin-bottom: 21px\"><\/div>\n<\/div>\n    <\/div>\n\n    <div class=\"edgtf-st-text-holder\">\n        <span class=\"edgtf-st-text-text\"><\/span>\n    <\/div>\n\n<\/div>[vc_empty_space][\/vc_column][\/vc_row][vc_row css=&#8220;.vc_custom_1633002949793{background-color: #efefef !important;}&#8220;][vc_column width=&#8220;1\/4&#8243;][\/vc_column][vc_column width=&#8220;1\/4&#8243;][vc_empty_space][vc_empty_space][vc_empty_space][vc_column_text]<\/p>\n<h3 style=\"text-align: center;\">Wien<\/h3>\n<p>[\/vc_column_text]<div class=\"edgtf-separator-holder clearfix  edgtf-separator-center\">\n\t<div class=\"edgtf-separator\" ><\/div>\n<\/div>\n[vc_column_text]<\/p>\n<p style=\"text-align: center;\">Schneiders Vienna GmbH<\/p>\n<p style=\"text-align: center;\">Herbststra\u00dfe 6-10<br \/>\n1160 Wien<br \/>\n\u00d6sterreich<\/p>\n<p style=\"text-align: center;\">marketing@schneiders-bags.com<br \/>\nverkauf@schneiders-bags.com<br \/>\nb2b@schneiders-bags.com<\/p>\n<p>[\/vc_column_text][\/vc_column][vc_column width=&#8220;1\/4&#8243;]<div class=\"edgtf-google-map-holder\">\n\t<div class=\"edgtf-google-map\" id=\"edgtf-map-2491766\" data-addresses='[\"Herbststra\u00dfe 6-10, 1160 Wien, \u00d6sterreich\"]' data-custom-map-style=true data-color-overlay=#77dbba data-saturation=80 data-lightness=20 data-zoom=17 data-pin=https:\/\/fabag.at\/wp-content\/themes\/silverscreen\/assets\/img\/pin.png data-unique-id=2491766 data-scroll-wheel=false data-height=450><\/div>\n\t\t\t<div class=\"edgtf-google-map-overlay\"><\/div>\n\t<\/div>\n[\/vc_column][vc_column width=&#8220;1\/4&#8243;][\/vc_column][\/vc_row][vc_row css=&#8220;.vc_custom_1633003188198{background-color: #efefef !important;}&#8220;][vc_column][vc_empty_space][\/vc_column][\/vc_row][vc_row css=&#8220;.vc_custom_1633003188198{background-color: #efefef !important;}&#8220;][vc_column][vc_empty_space][\/vc_column][\/vc_row]<\/p>\n","protected":false},"excerpt":{"rendered":"<p>[vc_row][vc_column width=&#8220;1\/6&#8243;][\/vc_column][vc_column width=&#8220;2\/3&#8243;][vc_empty_space][vc_empty_space][vc_empty_space height=&#8220;&#8220; css=&#8220;.vc_custom_1493896010254{margin-top: -6px !important;}&#8220;][vc_empty_space height=&#8220;&#8220; css=&#8220;.vc_custom_1493896010254{margin-top: -6px !important;}&#8220;][vc_empty_space height=&#8220;&#8220; css=&#8220;.vc_custom_1493896010254{margin-top: -6px !important;}&#8220;][vc_empty_space height=&#8220;&#8220; css=&#8220;.vc_custom_1493896010254{margin-top: -6px !important;}&#8220;][\/vc_column][vc_column width=&#8220;1\/6&#8243;][\/vc_column][\/vc_row][vc_row][vc_column][vc_empty_space][vc_empty_space][vc_empty_space][\/vc_column][\/vc_row][vc_row css=&#8220;.vc_custom_1632819800570{background-color: #34dddd !important;}&#8220;][vc_column][vc_empty_space][\/vc_column][\/vc_row][vc_row css=&#8220;.vc_custom_1632819800570{background-color: #34dddd !important;}&#8220;][vc_column][vc_empty_space][\/vc_column][\/vc_row][vc_row css=&#8220;.vc_custom_1632819713279{background-color: #34dddd !important;}&#8220;][vc_column width=&#8220;1\/6&#8243;][\/vc_column][vc_column width=&#8220;2\/3&#8243;][vc_empty_space][vc_empty_space height=&#8220;&#8220; css=&#8220;.vc_custom_1493896010254{margin-top: -6px !important;}&#8220;][vc_empty_space height=&#8220;&#8220; css=&#8220;.vc_custom_1493896010254{margin-top: -6px !important;}&#8220;][vc_empty_space height=&#8220;&#8220; css=&#8220;.vc_custom_1493896010254{margin-top: -6px !important;}&#8220;][vc_empty_space height=&#8220;&#8220; css=&#8220;.vc_custom_1493896010254{margin-top:&#8230;<\/p>\n","protected":false},"author":1,"featured_media":0,"parent":0,"menu_order":0,"comment_status":"closed","ping_status":"closed","template":"full-width.php","meta":{"footnotes":""},"class_list":["post-4227","page","type-page","status-publish","hentry"],"_links":{"self":[{"href":"https:\/\/fabag.at\/index.php?rest_route=\/wp\/v2\/pages\/4227","targetHints":{"allow":["GET"]}}],"collection":[{"href":"https:\/\/fabag.at\/index.php?rest_route=\/wp\/v2\/pages"}],"about":[{"href":"https:\/\/fabag.at\/index.php?rest_route=\/wp\/v2\/types\/page"}],"author":[{"embeddable":true,"href":"https:\/\/fabag.at\/index.php?rest_route=\/wp\/v2\/users\/1"}],"replies":[{"embeddable":true,"href":"https:\/\/fabag.at\/index.php?rest_route=%2Fwp%2Fv2%2Fcomments&post=4227"}],"version-history":[{"count":38,"href":"https:\/\/fabag.at\/index.php?rest_route=\/wp\/v2\/pages\/4227\/revisions"}],"predecessor-version":[{"id":4386,"href":"https:\/\/fabag.at\/index.php?rest_route=\/wp\/v2\/pages\/4227\/revisions\/4386"}],"wp:attachment":[{"href":"https:\/\/fabag.at\/index.php?rest_route=%2Fwp%2Fv2%2Fmedia&parent=4227"}],"curies":[{"name":"wp","href":"https:\/\/api.w.org\/{rel}","templated":true}]}}